{"id":281,"date":"2020-04-22T23:46:04","date_gmt":"2020-04-23T04:46:04","guid":{"rendered":"https:\/\/walkswoundcenters.com\/?page_id=281"},"modified":"2024-10-22T09:20:51","modified_gmt":"2024-10-22T14:20:51","slug":"for-patients","status":"publish","type":"page","link":"https:\/\/walkswoundcenters.com\/es\/for-patients\/","title":{"rendered":"Para pacientes"},"content":{"rendered":"<p>[et_pb_section fb_built=&#8221;1&#8243; next_background_color=&#8221;#ffffff&#8221; admin_label=&#8221;Header&#8221; _builder_version=&#8221;4.16&#8243; use_background_color_gradient=&#8221;on&#8221; background_color_gradient_stops=&#8221;#DAD4B0 25%|#ffffff 100%&#8221; background_color_gradient_start=&#8221;#DAD4B0&#8243; background_color_gradient_start_position=&#8221;25%&#8221; background_color_gradient_end=&#8221;#ffffff&#8221; custom_margin=&#8221;0px||||false|false&#8221; custom_padding=&#8221;0px||||false|false&#8221; bottom_divider_style=&#8221;wave2&#8243; collapsed=&#8221;off&#8221; global_colors_info=&#8221;{}&#8221;][et_pb_row _builder_version=&#8221;4.16&#8243; custom_margin=&#8221;0px||||false|false&#8221; custom_padding=&#8221;0px||||false|false&#8221; global_colors_info=&#8221;{}&#8221;][et_pb_column type=&#8221;4_4&#8243; _builder_version=&#8221;4.16&#8243; global_colors_info=&#8221;{}&#8221;][et_pb_text _builder_version=&#8221;4.16&#8243; text_font=&#8221;Work Sans||||||||&#8221; text_line_height=&#8221;1.5em&#8221; header_font=&#8221;Work Sans|600|||||||&#8221; header_text_color=&#8221;#6f6559&#8243; header_font_size=&#8221;48px&#8221; header_line_height=&#8221;1.2em&#8221; header_3_font=&#8221;Work Sans||||||||&#8221; header_3_font_size=&#8221;30px&#8221; background_enable_color=&#8221;off&#8221; text_orientation=&#8221;center&#8221; max_width_tablet=&#8221;&#8221; max_width_phone=&#8221;&#8221; max_width_last_edited=&#8221;on|desktop&#8221; custom_padding=&#8221;20px|20px|20px|20px|true|true&#8221; hover_enabled=&#8221;0&#8243; text_font_size_tablet=&#8221;16px&#8221; text_font_size_phone=&#8221;14px&#8221; text_font_size_last_edited=&#8221;on|phone&#8221; header_font_size_tablet=&#8221;36px&#8221; header_font_size_phone=&#8221;26px&#8221; header_font_size_last_edited=&#8221;on|phone&#8221; locked=&#8221;off&#8221; global_colors_info=&#8221;{}&#8221; text_font_size__hover=&#8221;14px&#8221; text_font_size__hover_enabled=&#8221;14px&#8221; sticky_enabled=&#8221;0&#8243;]<\/p>\n<h1>P\u00c1GINA DE PACIENTES<\/h1>\n<p>[\/et_pb_text][\/et_pb_column][\/et_pb_row][\/et_pb_section][et_pb_section fb_built=&#8221;1&#8243; admin_label=&#8221;Features&#8221; _builder_version=&#8221;4.16&#8243; collapsed=&#8221;off&#8221; global_colors_info=&#8221;{}&#8221;][et_pb_row custom_padding_last_edited=&#8221;on|phone&#8221; _builder_version=&#8221;4.16&#8243; background_color=&#8221;#ffffff&#8221; background_color_gradient_direction=&#8221;120deg&#8221; custom_margin_tablet=&#8221;0px||&#8221; custom_margin_phone=&#8221;&#8221; custom_margin_last_edited=&#8221;on|desktop&#8221; custom_padding=&#8221;20px|40px|20px|40px|true|true&#8221; custom_padding_tablet=&#8221;20px|40px|20px|40px|true|true&#8221; custom_padding_phone=&#8221;|40px||40px|false|true&#8221; animation_style=&#8221;fold&#8221; border_radii=&#8221;|60px||60px|&#8221; box_shadow_style=&#8221;preset2&#8243; box_shadow_horizontal=&#8221;40px&#8221; box_shadow_vertical=&#8221;40px&#8221; box_shadow_blur=&#8221;190px&#8221; box_shadow_color=&#8221;rgba(6,10,76,0.19)&#8221; locked=&#8221;off&#8221; collapsed=&#8221;off&#8221; global_colors_info=&#8221;{}&#8221;][et_pb_column type=&#8221;4_4&#8243; _builder_version=&#8221;4.16&#8243; custom_padding=&#8221;|||&#8221; global_colors_info=&#8221;{}&#8221; custom_padding__hover=&#8221;|||&#8221;][et_pb_text _builder_version=&#8221;4.27.2&#8243; text_font=&#8221;Work Sans||||||||&#8221; text_line_height=&#8221;1.8em&#8221; header_font=&#8221;||||||||&#8221; header_2_font=&#8221;Work Sans|700|||||||&#8221; header_2_text_color=&#8221;#6f6559&#8243; header_2_font_size=&#8221;40px&#8221; header_2_line_height=&#8221;1.4em&#8221; header_3_font=&#8221;Work Sans||||||||&#8221; header_3_text_color=&#8221;#6f6559&#8243; header_3_line_height=&#8221;1.5em&#8221; hover_enabled=&#8221;0&#8243; text_font_size_tablet=&#8221;16px&#8221; text_font_size_phone=&#8221;14px&#8221; text_font_size_last_edited=&#8221;on|phone&#8221; header_2_font_size_tablet=&#8221;30px&#8221; header_2_font_size_phone=&#8221;22px&#8221; header_2_font_size_last_edited=&#8221;on|phone&#8221; header_3_font_size_tablet=&#8221;&#8221; header_3_font_size_phone=&#8221;20px&#8221; header_3_font_size_last_edited=&#8221;on|desktop&#8221; locked=&#8221;off&#8221; global_colors_info=&#8221;{}&#8221; text_font_size__hover=&#8221;14px&#8221; text_font_size__hover_enabled=&#8221;14px&#8221; text_line_height__hover=&#8221;1.7em&#8221; text_line_height__hover_enabled=&#8221;1.7em&#8221; header_font_size__hover=&#8221;30px&#8221; header_font_size__hover_enabled=&#8221;30px&#8221; header_letter_spacing__hover=&#8221;0px&#8221; header_letter_spacing__hover_enabled=&#8221;0px&#8221; header_text_shadow_style__hover=&#8221;none&#8221; header_text_shadow_style__hover_enabled=&#8221;none&#8221; header_text_shadow_color__hover=&#8221;rgba(0,0,0,0.4)&#8221; header_text_shadow_color__hover_enabled=&#8221;rgba(0,0,0,0.4)&#8221; text_letter_spacing__hover=&#8221;0px&#8221; text_letter_spacing__hover_enabled=&#8221;0px&#8221; text_text_shadow_style__hover=&#8221;none&#8221; text_text_shadow_style__hover_enabled=&#8221;none&#8221; text_text_shadow_color__hover=&#8221;rgba(0,0,0,0.4)&#8221; text_text_shadow_color__hover_enabled=&#8221;rgba(0,0,0,0.4)&#8221; link_font_size__hover=&#8221;14px&#8221; link_font_size__hover_enabled=&#8221;14px&#8221; link_letter_spacing__hover=&#8221;0px&#8221; link_letter_spacing__hover_enabled=&#8221;0px&#8221; link_line_height__hover=&#8221;1em&#8221; link_line_height__hover_enabled=&#8221;1em&#8221; link_text_shadow_style__hover=&#8221;none&#8221; link_text_shadow_style__hover_enabled=&#8221;none&#8221; link_text_shadow_color__hover=&#8221;rgba(0,0,0,0.4)&#8221; link_text_shadow_color__hover_enabled=&#8221;rgba(0,0,0,0.4)&#8221; ul_font_size__hover=&#8221;14px&#8221; ul_font_size__hover_enabled=&#8221;14px&#8221; ul_letter_spacing__hover=&#8221;0px&#8221; ul_letter_spacing__hover_enabled=&#8221;0px&#8221; ul_line_height__hover=&#8221;1em&#8221; ul_line_height__hover_enabled=&#8221;1em&#8221; ul_text_shadow_style__hover=&#8221;none&#8221; ul_text_shadow_style__hover_enabled=&#8221;none&#8221; ul_text_shadow_color__hover=&#8221;rgba(0,0,0,0.4)&#8221; ul_text_shadow_color__hover_enabled=&#8221;rgba(0,0,0,0.4)&#8221; ol_font_size__hover=&#8221;14px&#8221; ol_font_size__hover_enabled=&#8221;14px&#8221; ol_letter_spacing__hover=&#8221;0px&#8221; ol_letter_spacing__hover_enabled=&#8221;0px&#8221; ol_line_height__hover=&#8221;1em&#8221; ol_line_height__hover_enabled=&#8221;1em&#8221; ol_text_shadow_style__hover=&#8221;none&#8221; ol_text_shadow_style__hover_enabled=&#8221;none&#8221; ol_text_shadow_color__hover=&#8221;rgba(0,0,0,0.4)&#8221; ol_text_shadow_color__hover_enabled=&#8221;rgba(0,0,0,0.4)&#8221; quote_font_size__hover=&#8221;14px&#8221; quote_font_size__hover_enabled=&#8221;14px&#8221; quote_letter_spacing__hover=&#8221;0px&#8221; quote_letter_spacing__hover_enabled=&#8221;0px&#8221; quote_line_height__hover=&#8221;1em&#8221; quote_line_height__hover_enabled=&#8221;1em&#8221; quote_text_shadow_style__hover=&#8221;none&#8221; quote_text_shadow_style__hover_enabled=&#8221;none&#8221; quote_text_shadow_color__hover=&#8221;rgba(0,0,0,0.4)&#8221; quote_text_shadow_color__hover_enabled=&#8221;rgba(0,0,0,0.4)&#8221; text_orientation__hover=&#8221;left&#8221; text_orientation__hover_enabled=&#8221;left&#8221; background_layout__hover=&#8221;light&#8221; background_layout__hover_enabled=&#8221;light&#8221; max_width__hover=&#8221;100%&#8221; max_width__hover_enabled=&#8221;100%&#8221; header_2_font_size__hover=&#8221;26px&#8221; header_2_font_size__hover_enabled=&#8221;26px&#8221; header_2_letter_spacing__hover=&#8221;0px&#8221; header_2_letter_spacing__hover_enabled=&#8221;0px&#8221; header_2_line_height__hover=&#8221;1em&#8221; header_2_line_height__hover_enabled=&#8221;1em&#8221; header_2_text_shadow_style__hover=&#8221;none&#8221; header_2_text_shadow_style__hover_enabled=&#8221;none&#8221; header_2_text_shadow_color__hover=&#8221;rgba(0,0,0,0.4)&#8221; header_2_text_shadow_color__hover_enabled=&#8221;rgba(0,0,0,0.4)&#8221; sticky_enabled=&#8221;0&#8243;]<\/p>\n<div style=\"display: inline-block; width: 60%; float: left; padding: 2%;\">\n<h3>Conexi\u00f3n web<\/h3>\n<p><a class=\"clink\" href=\"https:\/\/thewalksclinic.mymedaccess.com\/login\" target=\"_blank\" rel=\"noopener noreferrer\">Hacer clic<\/a> aqu\u00ed para revisar su (s) registro (s) de salud.<\/p>\n<h3>Transporte<\/h3>\n<p>En la cl\u00ednica SAH Little Village hay un amplio estacionamiento disponible y se puede organizar el transporte para los pacientes que lo necesiten. En Taylor Street, si el paciente no puede pagar el estacionamiento, pagaremos el estacionamiento medido en la calle.<\/p>\n<h3>Seguro<\/h3>\n<p>Por favor <a class=\"clink\" href=\"\/es\/#insurance\">clic aqui<\/a> para informaci\u00f3n de seguros.<\/p>\n<\/div>\n<p><img decoding=\"async\" style=\"display: inline-block; width: 35%; float: right; padding: 2%;\" src=\"https:\/\/walkswoundcenters.com\/wp-content\/uploads\/2020\/05\/wwc-doctor-bandaging-patients-knee.jpg\" alt=\"Treatments\" align=\"right\" \/>[\/et_pb_text][\/et_pb_column][\/et_pb_row][\/et_pb_section][et_pb_section fb_built=&#8221;1&#8243; admin_label=&#8221;Links&#8221; _builder_version=&#8221;4.16&#8243; background_color=&#8221;#f5f5f5&#8243; collapsed=&#8221;off&#8221; global_colors_info=&#8221;{}&#8221;][et_pb_row _builder_version=&#8221;4.16&#8243; collapsed=&#8221;off&#8221; global_colors_info=&#8221;{}&#8221;][et_pb_column type=&#8221;4_4&#8243; _builder_version=&#8221;4.16&#8243; global_colors_info=&#8221;{}&#8221;][et_pb_text admin_label=&#8221;Helpful Link Header&#8221; _builder_version=&#8221;4.16&#8243; text_font=&#8221;Work Sans||||||||&#8221; header_2_font=&#8221;Work Sans||||||||&#8221; header_2_font_size=&#8221;36px&#8221; header_3_font=&#8221;Work Sans||||||||&#8221; header_3_text_color=&#8221;#6f6559&#8243; global_colors_info=&#8221;{}&#8221;]<\/p>\n<h3>Enlaces locales \u00fatiles \/ estilos de vida saludables<\/h3>\n<p>[\/et_pb_text][\/et_pb_column][\/et_pb_row][et_pb_row column_structure=&#8221;1_2,1_2&#8243; _builder_version=&#8221;4.16&#8243; collapsed=&#8221;off&#8221; global_colors_info=&#8221;{}&#8221;][et_pb_column type=&#8221;1_2&#8243; _builder_version=&#8221;4.16&#8243; global_colors_info=&#8221;{}&#8221;][et_pb_text admin_label=&#8221;Helpful Link List 1&#8243; _builder_version=&#8221;4.16&#8243; text_font=&#8221;Work Sans||||||||&#8221; global_colors_info=&#8221;{}&#8221;]<\/p>\n<ul>\n<li><a href=\"http:\/\/www.diabetes.org\/\" target=\"_blank\" rel=\"noopener noreferrer\">Asociaci\u00f3n Americana de Diabetes<\/a><\/li>\n<li><a href=\"http:\/\/www.illinois.gov\/hfs\/Pages\/default.aspx\" target=\"_blank\" rel=\"noopener noreferrer\">Departamento de Salud y Familia de Illinois Servicios<\/a><\/li>\n<li><a href=\"https:\/\/www.mayoclinic.org\/diseases-conditions\/diabetes\/in-depth\/diabetes-diet\/art-20044295\" target=\"_blank\" rel=\"noopener noreferrer\">Dieta Diab\u00e9tica de Mayo Clinic<\/a><\/li>\n<li><a href=\"https:\/\/www.yelp.com\/biz\/pilsen-farmers-market-chicago\" target=\"_blank\" rel=\"noopener noreferrer\">Mercado de agricultores de Pilsen<\/a><\/li>\n<\/ul>\n<p>[\/et_pb_text][\/et_pb_column][et_pb_column type=&#8221;1_2&#8243; _builder_version=&#8221;4.16&#8243; global_colors_info=&#8221;{}&#8221;][et_pb_text admin_label=&#8221;Helpful Link List 2&#8243; _builder_version=&#8221;4.16&#8243; text_font=&#8221;Work Sans||||||||&#8221; global_colors_info=&#8221;{}&#8221;]<\/p>\n<ul>\n<li>Kit de herramientas ADA Todo sobre la actividad f\u00edsica<\/li>\n<li>Financiero<\/li>\n<li>Emocional<\/li>\n<li>Asesoramiento sobre drogas \/ alcohol \/ tabaco<\/li>\n<\/ul>\n<p>[\/et_pb_text][\/et_pb_column][\/et_pb_row][et_pb_row _builder_version=&#8221;4.16&#8243; collapsed=&#8221;off&#8221; global_colors_info=&#8221;{}&#8221;][et_pb_column type=&#8221;4_4&#8243; _builder_version=&#8221;4.16&#8243; global_colors_info=&#8221;{}&#8221;][et_pb_text admin_label=&#8221;Contact Info&#8221; _builder_version=&#8221;4.16&#8243; header_4_font=&#8221;Work Sans|500|||||||&#8221; header_4_text_color=&#8221;#6f6559&#8243; global_colors_info=&#8221;{}&#8221;]<\/p>\n<h4>Siga con nosotros <a href=\"https:\/\/www.facebook.com\/walkswoundcenters\/\" class=\"clink\" target=\"_blank\" rel=\"noopener noreferrer\">Facebook<\/a> y <a href=\"https:\/\/twitter.com\/walkswoundcntrs\" class=\"clink\" target=\"_blank\" rel=\"noopener noreferrer\">Twitter<\/a> para las \u00faltimas actualizaciones de estilo de vida saludable.<\/h4>\n<h4>Llamada <a href=\"tel:773-696-9490\" runtime_url=\"tel:773-696-9490\" class=\"clink\">773-696-9490<\/a> hoy para hacer una cita o haga <a href=\"\/es\/contact\/#form\" class=\"clink\">clic aqui<\/a> para hacer una cita a traves del sitio web.<\/h4>\n<p>[\/et_pb_text][\/et_pb_column][\/et_pb_row][\/et_pb_section][et_pb_section fb_built=&#8221;1&#8243; admin_label=&#8221;HEALING PORTFOLIO&#8221; _builder_version=&#8221;4.16&#8243; background_color=&#8221;#f5f5f5&#8243; collapsed=&#8221;off&#8221; global_colors_info=&#8221;{}&#8221;][et_pb_row _builder_version=&#8221;4.16&#8243; collapsed=&#8221;off&#8221; global_colors_info=&#8221;{}&#8221;][et_pb_column type=&#8221;4_4&#8243; _builder_version=&#8221;4.16&#8243; global_colors_info=&#8221;{}&#8221;][et_pb_text admin_label=&#8221;Healing Portfolio Header&#8221; _builder_version=&#8221;4.16&#8243; text_font=&#8221;Work Sans||||||||&#8221; header_text_color=&#8221;#6f6559&#8243; header_2_font=&#8221;Work Sans||||||||&#8221; header_2_text_color=&#8221;#6f6559&#8243; header_2_font_size=&#8221;40px&#8221; header_2_font_size_tablet=&#8221;32px&#8221; header_2_font_size_phone=&#8221;26px&#8221; header_2_font_size_last_edited=&#8221;on|phone&#8221; global_colors_info=&#8221;{}&#8221;]<\/p>\n<h2><a name=\"HealingPortfolio\">PORTAFOLIO DE SANACION<\/a><\/h2>\n<p>A continuaci\u00f3n se muestra nuestro portafolio de curaciones que muestra el impacto que el cuidado especializado de heridas en los Centros de Heridas WALKSound puede tener en su vida.<\/p>\n<p>[\/et_pb_text][\/et_pb_column][\/et_pb_row][et_pb_row _builder_version=&#8221;4.16&#8243; collapsed=&#8221;off&#8221; global_colors_info=&#8221;{}&#8221;][et_pb_column type=&#8221;4_4&#8243; _builder_version=&#8221;4.16&#8243; global_colors_info=&#8221;{}&#8221;][et_pb_text admin_label=&#8221;Healing Portfolio PDF&#8221; _builder_version=&#8221;4.16&#8243; text_font=&#8221;Work Sans||||||||&#8221; global_colors_info=&#8221;{}&#8221;]<a href=\"https:\/\/walkswoundcenters.com\/wp-content\/uploads\/2020\/04\/walks-healing-portfolio.pdf\" class=\"pdfemb-viewer\" style=\"\" data-width=\"max\" data-height=\"max\" data-toolbar=\"both\" data-toolbar-fixed=\"on\">walks-healing-portfolio<\/a>[\/et_pb_text][\/et_pb_column][\/et_pb_row][et_pb_row _builder_version=&#8221;4.16&#8243; collapsed=&#8221;off&#8221; global_colors_info=&#8221;{}&#8221;][et_pb_column type=&#8221;4_4&#8243; _builder_version=&#8221;4.16&#8243; global_colors_info=&#8221;{}&#8221;][et_pb_text admin_label=&#8221;NEUROPATHY&#8221; _builder_version=&#8221;4.16&#8243; header_2_font=&#8221;Work Sans|600|||||||&#8221; header_2_text_align=&#8221;center&#8221; header_2_text_color=&#8221;#6f6559&#8243; header_2_font_size=&#8221;40px&#8221; header_2_font_size_tablet=&#8221;32px&#8221; header_2_font_size_phone=&#8221;26px&#8221; header_2_font_size_last_edited=&#8221;on|phone&#8221; global_colors_info=&#8221;{}&#8221;]<\/p>\n<h2><a name=\"Neuropathy\">NEUROPAT\u00cdA<\/a><\/h2>\n<p>[\/et_pb_text][\/et_pb_column][\/et_pb_row][et_pb_row column_structure=&#8221;1_2,1_2&#8243; _builder_version=&#8221;4.16&#8243; collapsed=&#8221;off&#8221; global_colors_info=&#8221;{}&#8221;][et_pb_column type=&#8221;1_2&#8243; _builder_version=&#8221;4.16&#8243; global_colors_info=&#8221;{}&#8221;][et_pb_text _builder_version=&#8221;4.16&#8243; custom_padding=&#8221;15px|15px|15px|15px|true|true&#8221; global_colors_info=&#8221;{}&#8221;]<\/p>\n<h4>\u00bfHas estado experimentando alguno de los siguientes?<\/h4>\n<ul>\n<li>Hormigueo constante o peri\u00f3dico en los dedos, pies o manos<\/li>\n<li>Ardor constante o peri\u00f3dico en los dedos, pies o manos.<\/li>\n<li>Dolor constante o peri\u00f3dico en los dedos, pies o manos.<\/li>\n<li>Debilidad muscular o entumecimiento<\/li>\n<\/ul>\n<p>Si es as\u00ed, puede estar sufriendo alg\u00fan tipo de neuropat\u00eda.<\/p>\n<p><strong>La Cl\u00ednica del pie y WALKS Wound Centers pueden tener una soluci\u00f3n al dolor y la incomodidad que experimenta; <\/strong>un procedimiento de descompresi\u00f3n nerviosa desarrollado por un m\u00e9dico de la Universidad Johns Hopkins con el nombre de A Lee Dellon, MD.<\/p>\n<p>[\/et_pb_text][\/et_pb_column][et_pb_column type=&#8221;1_2&#8243; _builder_version=&#8221;4.16&#8243; global_colors_info=&#8221;{}&#8221;][et_pb_text _builder_version=&#8221;4.16&#8243; custom_padding=&#8221;12px|12px|12px|12px|true|true&#8221; border_radii=&#8221;on|8px|8px|8px|8px&#8221; border_width_all=&#8221;1px&#8221; border_color_all=&#8221;#999&#8243; box_shadow_style=&#8221;preset1&#8243; global_colors_info=&#8221;{}&#8221;]<\/p>\n<h3>Neuropat\u00eda:<\/h3>\n<ul>\n<li>Un t\u00e9rmino general que se traduce en conducci\u00f3n de transmisi\u00f3n nerviosa.<\/li>\n<li>Es una de las complicaciones m\u00e1s comunes de la diabetes y puede ocurrir en hasta el 50% de los diab\u00e9ticos, a pesar de controlar el az\u00facar en la sangre.<\/li>\n<li>Una vez que ocurre y sin tratamiento, casi siempre empeora.<\/li>\n<li>Es una de las principales causas de ulceraciones \/ infecciones en los pies, y en casos avanzados de amputaci\u00f3n.<\/li>\n<li>Comienza con cambios sensoriales peri\u00f3dicos, como entumecimiento u hormigueo en los dedos de los pies, que eventualmente se vuelven constantes.<\/li>\n<li>Puede causar cambios en la fuerza muscular, lo que lleva a deformidades de dedo en martillo.<\/li>\n<\/ul>\n<p>[\/et_pb_text][\/et_pb_column][\/et_pb_row][et_pb_row column_structure=&#8221;1_2,1_2&#8243; _builder_version=&#8221;4.16&#8243; collapsed=&#8221;on&#8221; global_colors_info=&#8221;{}&#8221;][et_pb_column type=&#8221;1_2&#8243; _builder_version=&#8221;4.16&#8243; global_colors_info=&#8221;{}&#8221;][et_pb_text _builder_version=&#8221;4.16&#8243; custom_padding=&#8221;15px|15px|15px|15px|true|true&#8221; global_colors_info=&#8221;{}&#8221;]<\/p>\n<p>El Dr. Zappa complet\u00f3 con \u00e9xito el curso Dellon en 2004. Nuestras pr\u00e1cticas han tenido un gran \u00e9xito al realizar este procedimiento, <b>ayudar a los pacientes que sufren de neuropat\u00eda mediante la reducci\u00f3n del dolor, hormigueo, entumecimiento y otros s\u00edntomas neurop\u00e1ticos.<\/b> En muchos casos, ha evitado la aparici\u00f3n de formaci\u00f3n de heridas, amputaci\u00f3n y artropat\u00eda de Charcot.<\/p>\n<p>[\/et_pb_text][\/et_pb_column][et_pb_column type=&#8221;1_2&#8243; _builder_version=&#8221;4.16&#8243; global_colors_info=&#8221;{}&#8221;][et_pb_text _builder_version=&#8221;4.16&#8243; custom_padding=&#8221;12px|12px|12px|12px|true|true&#8221; border_radii=&#8221;on|8px|8px|8px|8px&#8221; border_width_all=&#8221;1px&#8221; border_color_all=&#8221;#999&#8243; box_shadow_style=&#8221;preset1&#8243; global_colors_info=&#8221;{}&#8221;]<\/p>\n<p><strong>El procedimiento de Dellon puede ayudar:<\/strong><\/p>\n<p>Reducir el dolor en un 90%.<br \/>\nMejorar la sensaci\u00f3n 70%.<br \/>\nReducir la tasa de ulceraci\u00f3n y prevenir las infecciones y amputaciones del pie.<\/p>\n<p>[\/et_pb_text][\/et_pb_column][\/et_pb_row][et_pb_row _builder_version=&#8221;4.16&#8243; collapsed=&#8221;on&#8221; global_colors_info=&#8221;{}&#8221;][et_pb_column type=&#8221;4_4&#8243; _builder_version=&#8221;4.16&#8243; global_colors_info=&#8221;{}&#8221;][et_pb_text admin_label=&#8221;Text&#8221; _builder_version=&#8221;4.16&#8243; header_2_font=&#8221;Work Sans|600|||||||&#8221; header_2_text_align=&#8221;center&#8221; header_2_text_color=&#8221;#6f6559&#8243; header_2_font_size=&#8221;40px&#8221; header_2_font_size_tablet=&#8221;32px&#8221; header_2_font_size_phone=&#8221;26px&#8221; header_2_font_size_last_edited=&#8221;on|phone&#8221; global_colors_info=&#8221;{}&#8221;]<\/p>\n<p>El procedimiento quir\u00fargico es similar al de los procedimientos del s\u00edndrome del t\u00fanel carpiano y el s\u00edndrome del t\u00fanel del tarso realizados en un hospital o centro quir\u00fargico, y dura aproximadamente una a dos horas (seg\u00fan la cantidad de nervios afectados).<\/p>\n<p>[\/et_pb_text][\/et_pb_column][\/et_pb_row][\/et_pb_section]<\/p>","protected":false},"excerpt":{"rendered":"<p>Patients Page Web Connect Click here to review your health record(s). Transportation At the SAH Little Village clinic ample parking is available, transportation can be arranged for patients who have a need. At Taylor Street if the patient cannot afford parking we will pay for metered street parking. Insurance Please click here for insurance information. [&hellip;]<\/p>","protected":false},"author":1,"featured_media":0,"parent":0,"menu_order":1,"comment_status":"closed","ping_status":"closed","template":"","meta":{"_et_pb_use_builder":"on","_et_pb_old_content":"","_et_gb_content_width":"","footnotes":""},"class_list":["post-281","page","type-page","status-publish","hentry"],"_links":{"self":[{"href":"https:\/\/walkswoundcenters.com\/es\/wp-json\/wp\/v2\/pages\/281","targetHints":{"allow":["GET"]}}],"collection":[{"href":"https:\/\/walkswoundcenters.com\/es\/wp-json\/wp\/v2\/pages"}],"about":[{"href":"https:\/\/walkswoundcenters.com\/es\/wp-json\/wp\/v2\/types\/page"}],"author":[{"embeddable":true,"href":"https:\/\/walkswoundcenters.com\/es\/wp-json\/wp\/v2\/users\/1"}],"replies":[{"embeddable":true,"href":"https:\/\/walkswoundcenters.com\/es\/wp-json\/wp\/v2\/comments?post=281"}],"version-history":[{"count":47,"href":"https:\/\/walkswoundcenters.com\/es\/wp-json\/wp\/v2\/pages\/281\/revisions"}],"predecessor-version":[{"id":658,"href":"https:\/\/walkswoundcenters.com\/es\/wp-json\/wp\/v2\/pages\/281\/revisions\/658"}],"wp:attachment":[{"href":"https:\/\/walkswoundcenters.com\/es\/wp-json\/wp\/v2\/media?parent=281"}],"curies":[{"name":"wp","href":"https:\/\/api.w.org\/{rel}","templated":true}]}}