{"id":356,"date":"2020-04-23T04:24:27","date_gmt":"2020-04-23T09:24:27","guid":{"rendered":"https:\/\/walkswoundcenters.com\/?page_id=356"},"modified":"2024-10-22T09:24:28","modified_gmt":"2024-10-22T14:24:28","slug":"for-providers","status":"publish","type":"page","link":"https:\/\/walkswoundcenters.com\/es\/for-providers\/","title":{"rendered":"Para proveedores"},"content":{"rendered":"<p>[et_pb_section fb_built=&#8221;1&#8243; next_background_color=&#8221;#ffffff&#8221; admin_label=&#8221;Header&#8221; _builder_version=&#8221;4.16&#8243; use_background_color_gradient=&#8221;on&#8221; background_color_gradient_stops=&#8221;#DAD4B0 25%|#ffffff 100%&#8221; background_color_gradient_start=&#8221;#DAD4B0&#8243; background_color_gradient_start_position=&#8221;25%&#8221; background_color_gradient_end=&#8221;#ffffff&#8221; custom_margin=&#8221;0px||||false|false&#8221; custom_padding=&#8221;0px||||false|false&#8221; bottom_divider_style=&#8221;wave2&#8243; collapsed=&#8221;off&#8221; global_colors_info=&#8221;{}&#8221;][et_pb_row _builder_version=&#8221;4.16&#8243; custom_margin=&#8221;0px||||false|false&#8221; custom_padding=&#8221;0px||||false|false&#8221; global_colors_info=&#8221;{}&#8221;][et_pb_column type=&#8221;4_4&#8243; _builder_version=&#8221;4.16&#8243; global_colors_info=&#8221;{}&#8221;][et_pb_text _builder_version=&#8221;4.16&#8243; text_font=&#8221;Work Sans||||||||&#8221; text_line_height=&#8221;1.5em&#8221; header_font=&#8221;Work Sans|600|||||||&#8221; header_text_color=&#8221;#6f6559&#8243; header_font_size=&#8221;48px&#8221; header_line_height=&#8221;1.2em&#8221; header_3_font=&#8221;Work Sans||||||||&#8221; header_3_font_size=&#8221;30px&#8221; background_enable_color=&#8221;off&#8221; text_orientation=&#8221;center&#8221; max_width_tablet=&#8221;&#8221; max_width_phone=&#8221;&#8221; max_width_last_edited=&#8221;on|desktop&#8221; custom_padding=&#8221;20px|20px|20px|20px|true|true&#8221; text_font_size_tablet=&#8221;16px&#8221; text_font_size_phone=&#8221;14px&#8221; text_font_size_last_edited=&#8221;on|phone&#8221; header_font_size_tablet=&#8221;36px&#8221; header_font_size_phone=&#8221;26px&#8221; header_font_size_last_edited=&#8221;on|phone&#8221; locked=&#8221;off&#8221; global_colors_info=&#8221;{}&#8221; text_font_size__hover=&#8221;14px&#8221; text_font_size__hover_enabled=&#8221;14px&#8221;]<\/p>\n<h1>P\u00c1GINA DE PROVEEDORES<\/h1>\n<p>[\/et_pb_text][\/et_pb_column][\/et_pb_row][\/et_pb_section][et_pb_section fb_built=&#8221;1&#8243; admin_label=&#8221;Features&#8221; _builder_version=&#8221;4.16&#8243; collapsed=&#8221;off&#8221; global_colors_info=&#8221;{}&#8221;][et_pb_row custom_padding_last_edited=&#8221;on|phone&#8221; _builder_version=&#8221;4.16&#8243; background_color=&#8221;#ffffff&#8221; background_color_gradient_direction=&#8221;120deg&#8221; custom_margin_tablet=&#8221;0px||&#8221; custom_margin_phone=&#8221;&#8221; custom_margin_last_edited=&#8221;on|desktop&#8221; custom_padding=&#8221;20px|40px|20px|40px|true|true&#8221; custom_padding_tablet=&#8221;20px|40px|20px|40px|true|true&#8221; custom_padding_phone=&#8221;|40px||40px|false|true&#8221; animation_style=&#8221;fold&#8221; border_radii=&#8221;|60px||60px|&#8221; box_shadow_style=&#8221;preset2&#8243; box_shadow_horizontal=&#8221;40px&#8221; box_shadow_vertical=&#8221;40px&#8221; box_shadow_blur=&#8221;190px&#8221; box_shadow_color=&#8221;rgba(6,10,76,0.19)&#8221; locked=&#8221;off&#8221; collapsed=&#8221;off&#8221; global_colors_info=&#8221;{}&#8221;][et_pb_column type=&#8221;4_4&#8243; _builder_version=&#8221;4.16&#8243; custom_padding=&#8221;|||&#8221; global_colors_info=&#8221;{}&#8221; custom_padding__hover=&#8221;|||&#8221;][et_pb_text _builder_version=&#8221;4.27.2&#8243; text_font=&#8221;Work Sans||||||||&#8221; text_line_height=&#8221;1.8em&#8221; header_font=&#8221;||||||||&#8221; header_2_font=&#8221;Work Sans|700|||||||&#8221; header_2_text_color=&#8221;#6f6559&#8243; header_2_font_size=&#8221;40px&#8221; header_2_line_height=&#8221;1.4em&#8221; header_3_font=&#8221;Work Sans||||||||&#8221; header_3_text_color=&#8221;#6f6559&#8243; header_3_line_height=&#8221;1.5em&#8221; hover_enabled=&#8221;0&#8243; text_font_size_tablet=&#8221;16px&#8221; text_font_size_phone=&#8221;14px&#8221; text_font_size_last_edited=&#8221;on|phone&#8221; header_2_font_size_tablet=&#8221;30px&#8221; header_2_font_size_phone=&#8221;22px&#8221; header_2_font_size_last_edited=&#8221;on|phone&#8221; locked=&#8221;off&#8221; global_colors_info=&#8221;{}&#8221; text_font_size__hover=&#8221;14px&#8221; text_font_size__hover_enabled=&#8221;14px&#8221; text_line_height__hover=&#8221;1.7em&#8221; text_line_height__hover_enabled=&#8221;1.7em&#8221; header_font_size__hover=&#8221;30px&#8221; header_font_size__hover_enabled=&#8221;30px&#8221; header_letter_spacing__hover=&#8221;0px&#8221; header_letter_spacing__hover_enabled=&#8221;0px&#8221; header_text_shadow_style__hover=&#8221;none&#8221; header_text_shadow_style__hover_enabled=&#8221;none&#8221; header_text_shadow_color__hover=&#8221;rgba(0,0,0,0.4)&#8221; header_text_shadow_color__hover_enabled=&#8221;rgba(0,0,0,0.4)&#8221; text_letter_spacing__hover=&#8221;0px&#8221; text_letter_spacing__hover_enabled=&#8221;0px&#8221; text_text_shadow_style__hover=&#8221;none&#8221; text_text_shadow_style__hover_enabled=&#8221;none&#8221; text_text_shadow_color__hover=&#8221;rgba(0,0,0,0.4)&#8221; text_text_shadow_color__hover_enabled=&#8221;rgba(0,0,0,0.4)&#8221; link_font_size__hover=&#8221;14px&#8221; link_font_size__hover_enabled=&#8221;14px&#8221; link_letter_spacing__hover=&#8221;0px&#8221; link_letter_spacing__hover_enabled=&#8221;0px&#8221; link_line_height__hover=&#8221;1em&#8221; link_line_height__hover_enabled=&#8221;1em&#8221; link_text_shadow_style__hover=&#8221;none&#8221; link_text_shadow_style__hover_enabled=&#8221;none&#8221; link_text_shadow_color__hover=&#8221;rgba(0,0,0,0.4)&#8221; link_text_shadow_color__hover_enabled=&#8221;rgba(0,0,0,0.4)&#8221; ul_font_size__hover=&#8221;14px&#8221; ul_font_size__hover_enabled=&#8221;14px&#8221; ul_letter_spacing__hover=&#8221;0px&#8221; ul_letter_spacing__hover_enabled=&#8221;0px&#8221; ul_line_height__hover=&#8221;1em&#8221; ul_line_height__hover_enabled=&#8221;1em&#8221; ul_text_shadow_style__hover=&#8221;none&#8221; ul_text_shadow_style__hover_enabled=&#8221;none&#8221; ul_text_shadow_color__hover=&#8221;rgba(0,0,0,0.4)&#8221; ul_text_shadow_color__hover_enabled=&#8221;rgba(0,0,0,0.4)&#8221; ol_font_size__hover=&#8221;14px&#8221; ol_font_size__hover_enabled=&#8221;14px&#8221; ol_letter_spacing__hover=&#8221;0px&#8221; ol_letter_spacing__hover_enabled=&#8221;0px&#8221; ol_line_height__hover=&#8221;1em&#8221; ol_line_height__hover_enabled=&#8221;1em&#8221; ol_text_shadow_style__hover=&#8221;none&#8221; ol_text_shadow_style__hover_enabled=&#8221;none&#8221; ol_text_shadow_color__hover=&#8221;rgba(0,0,0,0.4)&#8221; ol_text_shadow_color__hover_enabled=&#8221;rgba(0,0,0,0.4)&#8221; quote_font_size__hover=&#8221;14px&#8221; quote_font_size__hover_enabled=&#8221;14px&#8221; quote_letter_spacing__hover=&#8221;0px&#8221; quote_letter_spacing__hover_enabled=&#8221;0px&#8221; quote_line_height__hover=&#8221;1em&#8221; quote_line_height__hover_enabled=&#8221;1em&#8221; quote_text_shadow_style__hover=&#8221;none&#8221; quote_text_shadow_style__hover_enabled=&#8221;none&#8221; quote_text_shadow_color__hover=&#8221;rgba(0,0,0,0.4)&#8221; quote_text_shadow_color__hover_enabled=&#8221;rgba(0,0,0,0.4)&#8221; text_orientation__hover=&#8221;left&#8221; text_orientation__hover_enabled=&#8221;left&#8221; background_layout__hover=&#8221;light&#8221; background_layout__hover_enabled=&#8221;light&#8221; max_width__hover=&#8221;100%&#8221; max_width__hover_enabled=&#8221;100%&#8221; header_2_font_size__hover=&#8221;26px&#8221; header_2_font_size__hover_enabled=&#8221;26px&#8221; header_2_letter_spacing__hover=&#8221;0px&#8221; header_2_letter_spacing__hover_enabled=&#8221;0px&#8221; header_2_line_height__hover=&#8221;1em&#8221; header_2_line_height__hover_enabled=&#8221;1em&#8221; header_2_text_shadow_style__hover=&#8221;none&#8221; header_2_text_shadow_style__hover_enabled=&#8221;none&#8221; header_2_text_shadow_color__hover=&#8221;rgba(0,0,0,0.4)&#8221; header_2_text_shadow_color__hover_enabled=&#8221;rgba(0,0,0,0.4)&#8221; sticky_enabled=&#8221;0&#8243;]<\/p>\n<div style=\"display: inline-block; width: 60%; float: left; padding: 2%;\">\n<h3>Referencias<\/h3>\n<p>En los WALKS Wound Centers, recibimos recomendaciones de m\u00e9dicos de atenci\u00f3n primaria, cirujanos y especialistas, enfermeras especializadas, asistentes de m\u00e9dicos, pod\u00f3logos, administradores de casos, centros de atenci\u00f3n prolongada y pacientes.<\/p>\n<p>Nuestra promesa a nuestras fuentes de referencia es proporcionar lo siguiente para mantenerlo actualizado \/ informado sobre la atenci\u00f3n \/ progreso de su paciente:<\/p>\n<ul>\n<li>Informes mensuales de progreso del paciente con gr\u00e1ficos de \u00e1rea de la herida y fotograf\u00edas<\/li>\n<li>Enlace en l\u00ednea para acceder a los registros de su paciente<\/li>\n<li>Comunicaci\u00f3n regular sobre el estado de su paciente.<\/li>\n<li>Comunicarse con la aseguradora del paciente para obtener la autorizaci\u00f3n.<\/li>\n<li>Visitas frecuentes a pacientes ambulatorios (semanalmente o con mayor frecuencia, determinadas por la gravedad de cada caso)<\/li>\n<li>Educaci\u00f3n del paciente que involucra a los pacientes para que se conviertan en participantes activos en el cuidado y la prevenci\u00f3n adecuados de los pies.<\/li>\n<\/ul>\n<p>Si est\u00e1 refiriendo a un paciente para el tratamiento de heridas, se lo ponemos f\u00e1cil. Simplemente llame a la cl\u00ednica al <a class=\"clink\" href=\"tel:773-696-9490\">773-696-9490<\/a>, podemos asistirlo con la debida autorizaci\u00f3n, referencia y c\u00f3digos, o <a class=\"clink\" href=\"\/es\/contact\/#form\">clic aqui<\/a> para concertar una cita a trav\u00e9s de nuestra web.<\/p>\n<h3>Seguro<\/h3>\n<p>Por favor <a class=\"clink\" href=\"\/es\/#insurance\">clic aqui<\/a> para informaci\u00f3n de seguros.<\/p>\n<\/div>\n<p><img decoding=\"async\" style=\"display: inline-block; width: 35%; float: right; padding: 2%;\" src=\"https:\/\/walkswoundcenters.com\/wp-content\/uploads\/2020\/05\/wwc-doctor-treating-wound.jpg\" alt=\"Treatments\" align=\"right\" \/><\/p>\n<p>[\/et_pb_text][\/et_pb_column][\/et_pb_row][\/et_pb_section][et_pb_section fb_built=&#8221;1&#8243; admin_label=&#8221;Case Study&#8221; _builder_version=&#8221;4.16&#8243; background_color=&#8221;#f5f5f5&#8243; collapsed=&#8221;off&#8221; global_colors_info=&#8221;{}&#8221;][et_pb_row _builder_version=&#8221;4.16&#8243; collapsed=&#8221;off&#8221; global_colors_info=&#8221;{}&#8221;][et_pb_column type=&#8221;4_4&#8243; _builder_version=&#8221;4.16&#8243; global_colors_info=&#8221;{}&#8221;][et_pb_text admin_label=&#8221;Case Study Header&#8221; _builder_version=&#8221;4.16&#8243; text_font=&#8221;Work Sans||||||||&#8221; header_text_color=&#8221;#6f6559&#8243; header_2_font=&#8221;Work Sans||||||||&#8221; header_2_text_color=&#8221;#6f6559&#8243; header_2_font_size=&#8221;40px&#8221; header_2_font_size_tablet=&#8221;32px&#8221; header_2_font_size_phone=&#8221;26px&#8221; header_2_font_size_last_edited=&#8221;on|phone&#8221; global_colors_info=&#8221;{}&#8221;]<\/p>\n<h2><a name=\"CaseStudy\">Caso de estudio<\/a><\/h2>\n<p>WALKS Wound Centers est\u00e1 comprometido a ayudar a los pacientes con heridas a curarse y lograr una vida m\u00e1s saludable, m\u00e1s feliz y m\u00e1s productiva. A continuaci\u00f3n se muestra un estudio de caso que detalla los excelentes resultados de la cicatrizaci\u00f3n de heridas que los Centros de Heridas WALKS <strong>equipo<\/strong> regularmente y c\u00f3mo este paciente fue capaz de <strong>Lograr un estilo de vida m\u00e1s positivo<\/strong>.<\/p>\n<p>[\/et_pb_text][\/et_pb_column][\/et_pb_row][et_pb_row _builder_version=&#8221;4.16&#8243; collapsed=&#8221;off&#8221; global_colors_info=&#8221;{}&#8221;][et_pb_column type=&#8221;4_4&#8243; _builder_version=&#8221;4.16&#8243; global_colors_info=&#8221;{}&#8221;][et_pb_text admin_label=&#8221;Case Study PDF&#8221; _builder_version=&#8221;4.16&#8243; text_font=&#8221;Work Sans||||||||&#8221; global_colors_info=&#8221;{}&#8221;]<a href=\"https:\/\/walkswoundcenters.com\/wp-content\/uploads\/2020\/04\/walks-case-study.pdf\" class=\"pdfemb-viewer\" style=\"\" data-width=\"max\" data-height=\"max\" data-toolbar=\"both\" data-toolbar-fixed=\"on\">walks-case-study<\/a>[\/et_pb_text][\/et_pb_column][\/et_pb_row][et_pb_row _builder_version=&#8221;4.16&#8243; collapsed=&#8221;off&#8221; global_colors_info=&#8221;{}&#8221;][et_pb_column type=&#8221;4_4&#8243; _builder_version=&#8221;4.16&#8243; global_colors_info=&#8221;{}&#8221;][et_pb_text admin_label=&#8221;Case Study CTA&#8221; _builder_version=&#8221;4.16&#8243; text_font=&#8221;Work Sans||||||||&#8221; header_2_font=&#8221;Work Sans|600|||||||&#8221; header_2_text_align=&#8221;center&#8221; header_2_text_color=&#8221;#6f6559&#8243; header_2_font_size=&#8221;40px&#8221; header_2_font_size_tablet=&#8221;32px&#8221; header_2_font_size_phone=&#8221;26px&#8221; header_2_font_size_last_edited=&#8221;on|phone&#8221; global_colors_info=&#8221;{}&#8221;]<\/p>\n<p>No permita que sus pacientes vivan con incomodidad otro d\u00eda con una herida que no cicatriza (cr\u00f3nica), llame a la cl\u00ednica directamente al: <a href=\"tel:773-696-9490\" runtime_url=\"tel:773-696-9490\" class=\"clink\">773-696-9490<\/a> or <a href=\"\/es\/contact\/#form\" class=\"clink\">clic aqui<\/a> para hacer una cita a traves del sitio web.<\/p>\n<p>[\/et_pb_text][\/et_pb_column][\/et_pb_row][\/et_pb_section]<\/p>","protected":false},"excerpt":{"rendered":"<p>Providers Page Referrals At WALKS Wound Centers we welcome referrals from primary care physicians, surgeons and specialists, nurse practitioners, physician&#8217;s assistants, podiatrists, case managers, extended care facilities and patients Our promise to our referral sources is to provide the following in order to keep you updated\/informed about the care\/progress of your patient: Monthly patient progress [&hellip;]<\/p>","protected":false},"author":1,"featured_media":0,"parent":0,"menu_order":2,"comment_status":"closed","ping_status":"closed","template":"","meta":{"_et_pb_use_builder":"on","_et_pb_old_content":"","_et_gb_content_width":"","footnotes":""},"class_list":["post-356","page","type-page","status-publish","hentry"],"_links":{"self":[{"href":"https:\/\/walkswoundcenters.com\/es\/wp-json\/wp\/v2\/pages\/356","targetHints":{"allow":["GET"]}}],"collection":[{"href":"https:\/\/walkswoundcenters.com\/es\/wp-json\/wp\/v2\/pages"}],"about":[{"href":"https:\/\/walkswoundcenters.com\/es\/wp-json\/wp\/v2\/types\/page"}],"author":[{"embeddable":true,"href":"https:\/\/walkswoundcenters.com\/es\/wp-json\/wp\/v2\/users\/1"}],"replies":[{"embeddable":true,"href":"https:\/\/walkswoundcenters.com\/es\/wp-json\/wp\/v2\/comments?post=356"}],"version-history":[{"count":13,"href":"https:\/\/walkswoundcenters.com\/es\/wp-json\/wp\/v2\/pages\/356\/revisions"}],"predecessor-version":[{"id":660,"href":"https:\/\/walkswoundcenters.com\/es\/wp-json\/wp\/v2\/pages\/356\/revisions\/660"}],"wp:attachment":[{"href":"https:\/\/walkswoundcenters.com\/es\/wp-json\/wp\/v2\/media?parent=356"}],"curies":[{"name":"wp","href":"https:\/\/api.w.org\/{rel}","templated":true}]}}