{"id":367,"date":"2020-04-23T04:43:55","date_gmt":"2020-04-23T09:43:55","guid":{"rendered":"https:\/\/walkswoundcenters.com\/?page_id=367"},"modified":"2020-05-05T02:13:01","modified_gmt":"2020-05-05T07:13:01","slug":"for-hospitals","status":"publish","type":"page","link":"https:\/\/walkswoundcenters.com\/es\/for-hospitals\/","title":{"rendered":"Para hospitales"},"content":{"rendered":"<p>[et_pb_section fb_built=&#8221;1&#8243; next_background_color=&#8221;#f5f5f5&#8243; admin_label=&#8221;Header&#8221; _builder_version=&#8221;4.4.3&#8243; use_background_color_gradient=&#8221;on&#8221; background_color_gradient_start=&#8221;#DAD4B0&#8243; background_color_gradient_end=&#8221;#ffffff&#8221; background_color_gradient_start_position=&#8221;25%&#8221; custom_margin=&#8221;0px||||false|false&#8221; custom_padding=&#8221;0px||||false|false&#8221; bottom_divider_style=&#8221;wave2&#8243; collapsed=&#8221;off&#8221;][et_pb_row _builder_version=&#8221;4.4.3&#8243; custom_margin=&#8221;0px||||false|false&#8221; custom_padding=&#8221;0px||||false|false&#8221;][et_pb_column type=&#8221;4_4&#8243; _builder_version=&#8221;4.4.3&#8243;][et_pb_text _builder_version=&#8221;4.4.3&#8243; text_font=&#8221;Work Sans||||||||&#8221; text_line_height=&#8221;1.5em&#8221; header_font=&#8221;Work Sans|600|||||||&#8221; header_text_color=&#8221;#6f6559&#8243; header_font_size=&#8221;48px&#8221; header_line_height=&#8221;1.2em&#8221; header_3_font=&#8221;Work Sans||||||||&#8221; header_3_font_size=&#8221;30px&#8221; background_enable_color=&#8221;off&#8221; text_orientation=&#8221;center&#8221; max_width_tablet=&#8221;&#8221; max_width_phone=&#8221;&#8221; max_width_last_edited=&#8221;on|desktop&#8221; custom_padding=&#8221;20px|20px|20px|20px|true|true&#8221; hover_enabled=&#8221;0&#8243; text_font_size_tablet=&#8221;16px&#8221; text_font_size_phone=&#8221;14px&#8221; text_font_size_last_edited=&#8221;on|phone&#8221; header_font_size_tablet=&#8221;36px&#8221; header_font_size_phone=&#8221;26px&#8221; header_font_size_last_edited=&#8221;on|phone&#8221; locked=&#8221;off&#8221; text_font_size__hover=&#8221;14px&#8221; text_font_size__hover_enabled=&#8221;14px&#8221;]<\/p>\n<h1>P\u00c1GINA DE HOSPITALES<\/h1>\n<p>[\/et_pb_text][\/et_pb_column][\/et_pb_row][\/et_pb_section][et_pb_section fb_built=&#8221;1&#8243; admin_label=&#8221;Top Section&#8221; _builder_version=&#8221;4.4.3&#8243; background_color=&#8221;#f5f5f5&#8243; collapsed=&#8221;off&#8221;][et_pb_row column_structure=&#8221;3_4,1_4&#8243; admin_label=&#8221;Top Row 1&#8243; _builder_version=&#8221;4.4.3&#8243; border_width_bottom=&#8221;1px&#8221; border_color_bottom=&#8221;#999&#8243; collapsed=&#8221;off&#8221;][et_pb_column type=&#8221;3_4&#8243; _builder_version=&#8221;4.4.3&#8243;][et_pb_text admin_label=&#8221;First Sub-Header&#8221; _builder_version=&#8221;4.4.3&#8243; text_font=&#8221;Work Sans||||||||&#8221; header_2_font=&#8221;Work Sans||||||||&#8221; header_2_font_size=&#8221;36px&#8221; header_3_font=&#8221;Work Sans||||||||&#8221; header_3_text_color=&#8221;#6f6559&#8243;]<\/p>\n<p><strong>Al considerar un Centro de Heridas para pacientes ambulatorios en su hospital, algunos problemas cr\u00edticos a considerar son:<\/strong><\/p>\n<ul>\n<li>\u00bfCu\u00e1ntos ingresos generar\u00e1 el centro de heridas?<\/li>\n<li>\u00bfCu\u00e1nto costo incurrir\u00e9?<\/li>\n<li>\u00bfCu\u00e1l es mi exposici\u00f3n de responsabilidad?<\/li>\n<li>\u00bfCu\u00e1nto distraer\u00e1 la administraci\u00f3n de un centro de heridas a los esfuerzos de misi\u00f3n cr\u00edtica?<\/li>\n<\/ul>\n<p>[\/et_pb_text][\/et_pb_column][et_pb_column type=&#8221;1_4&#8243; _builder_version=&#8221;4.4.3&#8243;][et_pb_image src=&#8221;https:\/\/walkswoundcenters.com\/wp-content\/uploads\/2020\/05\/wwc-performing-surgery.jpg&#8221; _builder_version=&#8221;4.4.5&#8243; hover_enabled=&#8221;0&#8243; title_text=&#8221;wwc-performing-surgery&#8221;][\/et_pb_image][\/et_pb_column][\/et_pb_row][et_pb_row column_structure=&#8221;3_4,1_4&#8243; admin_label=&#8221;Top Row 2&#8243; _builder_version=&#8221;4.4.3&#8243; border_width_bottom=&#8221;2px&#8221; border_color_bottom=&#8221;#999&#8243; collapsed=&#8221;off&#8221;][et_pb_column type=&#8221;3_4&#8243; _builder_version=&#8221;4.4.3&#8243;][et_pb_text admin_label=&#8221;Second Sub-Header&#8221; _builder_version=&#8221;4.4.3&#8243; text_font=&#8221;Work Sans||||||||&#8221; header_2_font=&#8221;Work Sans||||||||&#8221; header_2_font_size=&#8221;36px&#8221; header_3_font=&#8221;Work Sans||||||||&#8221; header_3_text_color=&#8221;#6f6559&#8243;]<\/p>\n<p><strong>WALKS\u2120 administra todos los aspectos del centro de heridas, lo que permite que nuestros hospitales asociados se centren en lo que consideran m\u00e1s importante para sus instalaciones. WALKS\u2120 Wound Centers alivia la carga de administraci\u00f3n del centro de heridas al proporcionar:<\/strong><\/p>\n<ul>\n<li>Manejo experto de la herida cl\u00ednica<\/li>\n<li>Servicios de medico<\/li>\n<li>Reclutamiento m\u00e9dico<\/li>\n<li>Peritaje y asistencia en facturaci\u00f3n<\/li>\n<li>Una metodolog\u00eda multidisciplinar.<\/li>\n<li>Gesti\u00f3n integral de datos.<\/li>\n<li>Plan de mercadeo (cartas de progreso mensuales, visitas al consultorio del m\u00e9dico \/ PCP de referencia en el sitio, publicidad impresa, educaci\u00f3n comunitaria)<\/li>\n<li>Formularios de cl\u00ednica (electr\u00f3nica y copia impresa).<\/li>\n<li>Protocolos clinicos<\/li>\n<li>Asistencia en todos los aspectos de la configuraci\u00f3n cl\u00ednica.<\/li>\n<li>Formaci\u00f3n del m\u00e9dico \/ personal<\/li>\n<li>Participaci\u00f3n en todas las auditor\u00edas de Medicare \/ Medicaid.<\/li>\n<\/ul>\n<p>[\/et_pb_text][\/et_pb_column][et_pb_column type=&#8221;1_4&#8243; _builder_version=&#8221;4.4.3&#8243;][et_pb_image src=&#8221;https:\/\/walkswoundcenters.com\/wp-content\/uploads\/2020\/05\/wwc-preparing-wound-kit.jpg&#8221; _builder_version=&#8221;4.4.5&#8243; hover_enabled=&#8221;0&#8243; title_text=&#8221;wwc-preparing-wound-kit&#8221;][\/et_pb_image][\/et_pb_column][\/et_pb_row][et_pb_row column_structure=&#8221;1_2,1_2&#8243; admin_label=&#8221;Hospital Help Top&#8221; _builder_version=&#8221;4.4.3&#8243; custom_margin=&#8221;12px||||false|false&#8221; collapsed=&#8221;off&#8221;][et_pb_column type=&#8221;1_2&#8243; _builder_version=&#8221;4.4.2&#8243;][et_pb_text admin_label=&#8221;Hospital Help List 1&#8243; _builder_version=&#8221;4.4.3&#8243; text_font=&#8221;Work Sans||||||||&#8221;]<\/p>\n<p><strong>WALKS\u2120 Los Centros de Heridas pueden ayudar a su hospital a:<\/strong><\/p>\n<p>&nbsp;<\/p>\n<ul>\n<li>Reduzca la migraci\u00f3n proporcionando un servicio especializado cr\u00edtico a los pacientes en su \u00e1rea local<\/li>\n<li>Aumentar los ingresos ambulatorios<\/li>\n<\/ul>\n<p>[\/et_pb_text][\/et_pb_column][et_pb_column type=&#8221;1_2&#8243; _builder_version=&#8221;4.4.2&#8243;][et_pb_text admin_label=&#8221;Hospital Help List 2&#8243; _builder_version=&#8221;4.4.3&#8243; text_font=&#8221;Work Sans||||||||&#8221;]<\/p>\n<p>&nbsp;<\/p>\n<p>&nbsp;<\/p>\n<ul>\n<li>Aumente los ingresos complementarios (diagn\u00f3sticos, servicios de laboratorio, cirug\u00eda vascular, cirug\u00eda general, ortopedia)<\/li>\n<li>Reducir LOS en poblaciones clave de pacientes<\/li>\n<\/ul>\n<p>[\/et_pb_text][\/et_pb_column][\/et_pb_row][et_pb_row column_structure=&#8221;1_2,1_2&#8243; admin_label=&#8221;Hospital Help Bottom&#8221; _builder_version=&#8221;4.4.3&#8243; border_width_bottom=&#8221;1px&#8221; border_color_bottom=&#8221;#999&#8243; collapsed=&#8221;off&#8221;][et_pb_column type=&#8221;1_2&#8243; _builder_version=&#8221;4.4.2&#8243;][et_pb_text admin_label=&#8221;Hospital Help List 1&#8243; _builder_version=&#8221;4.4.3&#8243; text_font=&#8221;Work Sans||||||||&#8221;]<\/p>\n<p><strong>La inversi\u00f3n hospitalaria incluye:<\/strong><\/p>\n<p>&nbsp;<\/p>\n<ul>\n<li>Espacio de la cl\u00ednica, ya sea en el campus o fuera del campus<\/li>\n<li>Suministros y equipo de la cl\u00ednica.<\/li>\n<\/ul>\n<p>[\/et_pb_text][\/et_pb_column][et_pb_column type=&#8221;1_2&#8243; _builder_version=&#8221;4.4.2&#8243;][et_pb_text admin_label=&#8221;Hospital Help List 2&#8243; _builder_version=&#8221;4.4.3&#8243; text_font=&#8221;Work Sans||||||||&#8221;]<\/p>\n<p>&nbsp;<\/p>\n<p>&nbsp;<\/p>\n<ul>\n<li>Personal de la cl\u00ednica auxiliar (asistentes m\u00e9dicos, personal de programaci\u00f3n)<\/li>\n<li>Cuota de gesti\u00f3n mensual<\/li>\n<\/ul>\n<p>[\/et_pb_text][\/et_pb_column][\/et_pb_row][et_pb_row admin_label=&#8221;Contact Info&#8221; _builder_version=&#8221;4.4.3&#8243; collapsed=&#8221;off&#8221;][et_pb_column type=&#8221;4_4&#8243; _builder_version=&#8221;4.4.3&#8243;][et_pb_text admin_label=&#8221;Contact Info&#8221; _builder_version=&#8221;4.4.3&#8243; header_4_font=&#8221;Work Sans|500|||||||&#8221; header_4_text_color=&#8221;#6f6559&#8243;]<\/p>\n<p>Para m\u00e1s informaci\u00f3n llame a Frank W Zappa, DPM al <a href=\"tel:312-243-3769\" runtime_url=\"tel:312-243-3769\" class=\"clink\">312-243-3769<\/a> o Jason Zappa en  <a href=\"tel:720-413-0339\" runtime_url=\"tel:720-413-0339\" class=\"clink\">720-413-0339<\/a>.<\/p>\n<p>[\/et_pb_text][\/et_pb_column][\/et_pb_row][\/et_pb_section]<\/p>","protected":false},"excerpt":{"rendered":"<p>Hospitals PageWhen considering an outpatient Wound Center at your hospital, some critical issues to consider are: How much revenue will the wound center generate? How much cost will I incur? What is my liability exposure? How much will managing a wound center distract from mission critical endeavors? WALKS\u2120 administers all aspects of the wound center, [&hellip;]<\/p>","protected":false},"author":1,"featured_media":0,"parent":0,"menu_order":3,"comment_status":"closed","ping_status":"closed","template":"","meta":{"_et_pb_use_builder":"on","_et_pb_old_content":"","_et_gb_content_width":"","footnotes":""},"class_list":["post-367","page","type-page","status-publish","hentry"],"_links":{"self":[{"href":"https:\/\/walkswoundcenters.com\/es\/wp-json\/wp\/v2\/pages\/367","targetHints":{"allow":["GET"]}}],"collection":[{"href":"https:\/\/walkswoundcenters.com\/es\/wp-json\/wp\/v2\/pages"}],"about":[{"href":"https:\/\/walkswoundcenters.com\/es\/wp-json\/wp\/v2\/types\/page"}],"author":[{"embeddable":true,"href":"https:\/\/walkswoundcenters.com\/es\/wp-json\/wp\/v2\/users\/1"}],"replies":[{"embeddable":true,"href":"https:\/\/walkswoundcenters.com\/es\/wp-json\/wp\/v2\/comments?post=367"}],"version-history":[{"count":15,"href":"https:\/\/walkswoundcenters.com\/es\/wp-json\/wp\/v2\/pages\/367\/revisions"}],"predecessor-version":[{"id":601,"href":"https:\/\/walkswoundcenters.com\/es\/wp-json\/wp\/v2\/pages\/367\/revisions\/601"}],"wp:attachment":[{"href":"https:\/\/walkswoundcenters.com\/es\/wp-json\/wp\/v2\/media?parent=367"}],"curies":[{"name":"wp","href":"https:\/\/api.w.org\/{rel}","templated":true}]}}